{"id":1354,"date":"2017-07-25T19:26:01","date_gmt":"2017-07-25T17:26:01","guid":{"rendered":"http:\/\/dogteacher.fr\/?page_id=1354"},"modified":"2025-07-08T21:08:15","modified_gmt":"2025-07-08T19:08:15","slug":"prestations","status":"publish","type":"page","link":"https:\/\/dogteacher.fr\/index.php\/prestations\/","title":{"rendered":"Prestations et Tarifs"},"content":{"rendered":"<h3><span style=\"color: #ff9900;\">DOGTEACHER<\/span> VOUS PROPOSE \u00a0DIFF\u00c9RENTES <span style=\"color: #00ccff;\">PRESTATIONS ADAPT\u00c9ES A VOS BESOINS :<\/span><\/h3>\n<div class=\"su-accordion su-u-trim\"><div class=\"su-spoiler su-spoiler-style-default su-spoiler-icon-plus-circle su-spoiler-closed\" data-scroll-offset=\"0\" data-anchor-in-url=\"no\"><div class=\"su-spoiler-title\" tabindex=\"0\" role=\"button\"><span class=\"su-spoiler-icon\"><\/span><\/p>\n<h4>BILAN COMPORTEMENTAL :<\/h4>\n<h3>80 \u20ac<\/h3>\n<p><\/div><div class=\"su-spoiler-content su-u-clearfix su-u-trim\">\n<p style=\"text-align: left;\">Lors de notre premier rendez vous appel\u00e9 aussi analyse comportementale, j&rsquo;interviens \u00e0 votre domicile pour une dur\u00e9e de<span style=\"color: #ff9900;\"><strong> 2\u00a0heures<\/strong><\/span>. Il est important que le bilan se fasse <span style=\"color: #ff9900;\"><strong>directement chez vous<\/strong><\/span>, ce qui me permet de voir \u00e9voluer votre chien dans son environnement quotidien.<\/p>\n<p>Nous parlerons autour d&rsquo;un <strong><span style=\"color: #ff9900;\">questionnaire d\u00e9taill\u00e9<\/span>\u00a0<\/strong>: de votre chien, des caract\u00e9ristiques de sa race, de son arriv\u00e9e dans la maison, des difficult\u00e9s rencontr\u00e9es et de vos \u00a0attentes\u00a0<img loading=\"lazy\" decoding=\"async\" class=\"size-medium wp-image-1398 alignright\" src=\"http:\/\/dogteacher.fr\/wp-content\/uploads\/2017\/07\/jackecole-300x300.jpg\" alt=\"\" width=\"300\" height=\"300\" srcset=\"https:\/\/dogteacher.fr\/wp-content\/uploads\/2017\/07\/jackecole-300x300.jpg 300w, https:\/\/dogteacher.fr\/wp-content\/uploads\/2017\/07\/jackecole-150x150.jpg 150w, https:\/\/dogteacher.fr\/wp-content\/uploads\/2017\/07\/jackecole-768x768.jpg 768w, https:\/\/dogteacher.fr\/wp-content\/uploads\/2017\/07\/jackecole.jpg 1024w\" sizes=\"auto, (max-width: 300px) 100vw, 300px\" \/>.<\/p>\n<p>Nous aborderons diff\u00e9rents <span style=\"color: #de9a1d;\"><strong><span style=\"color: #ff9900;\">sujets essentiels \u00e0 la compr\u00e9hension<\/span>, <\/strong><\/span><span style=\"color: #808080;\"><strong>l&rsquo;apprentissage chez le chien, ses besoins fondamentaux&#8230;<\/strong>,<\/span> pour assurer la bonne r\u00e9ussite d&rsquo;une \u00e9ducation douce et respectueuse vers l\u2019\u00e9panouissement de votre compagnon.<\/p>\n<p>Au fur et \u00e0 mesure du bilan nous effectuerons diff\u00e9rents exercices, pour<span style=\"color: #de9a1d;\">\u00a0<\/span><span style=\"color: #ff9900;\"><strong>d\u00e9finir le profil et de votre chien<\/strong>.<\/span><\/p>\n<p>Suite \u00e0 cette analyse, je serai capable de<span style=\"color: #ff9900;\"><strong> vous proposer un programme adapt\u00e9 \u00e0 vos besoins et \u00e0 ceux de votre chien.<\/strong><\/span><\/p>\n<p><strong><span style=\"color: #999999;\">A noter,<\/span><\/strong> au del\u00e0 de 15 km de la Tour de Salvagny, il vous sera factur\u00e9<strong> 0,50 centimes<\/strong> par kilom\u00e8tre suppl\u00e9mentaire\u00a0<strong><span style=\"color: #999999;\">\u00ab\u00a0via michelin\u00a0\u00bb.<\/span><\/strong><\/p>\n<\/div><\/div><\/div>\n<div class=\"su-accordion su-u-trim\"><div class=\"su-spoiler su-spoiler-style-default su-spoiler-icon-plus-circle su-spoiler-closed\" data-scroll-offset=\"0\" data-anchor-in-url=\"no\"><div class=\"su-spoiler-title\" tabindex=\"0\" role=\"button\"><span class=\"su-spoiler-icon\"><\/span><\/p>\n<h4>LE\u00c7ON INDIVIDUELLE:<\/h4>\n<h3>60 \u20ac<\/h3>\n<p><\/div><div class=\"su-spoiler-content su-u-clearfix su-u-trim\">\n<p style=\"text-align: left;\">D&rsquo;une dur\u00e9e d&rsquo;<span style=\"color: #ff9900;\"><strong>1 heure<\/strong><\/span>, la le\u00e7on peut se d\u00e9rouler \u00e0 <span style=\"color: #ff9900;\"><strong>votre domicile<\/strong><\/span>, dans un <span style=\"color: #ff9900;\"><strong>parc public<\/strong><\/span>\u00a0ou en <span style=\"color: #de9a1d;\"><strong><span style=\"color: #ff9900;\">milieu<\/span> <span style=\"color: #ff9900;\">urbain<\/span><\/strong><span style=\"color: #ff9900;\">.<\/span><\/span><\/p>\n<p style=\"text-align: left;\">A savoir, que la le\u00e7on individuelle ne peut \u00eatre r\u00e9alis\u00e9e que pour des demandes \u00ab\u00a0simples\u00a0\u00bb ou pour compl\u00e9ter un forfait si besoin.<\/p>\n<p style=\"text-align: left;\"><em>Par exemple, si votre volont\u00e9 est seulement d&rsquo;apprendre \u00e0 votre chien \u00e0 s\u2019asseoir sur demande, une le\u00e7on individuelle d&rsquo;une heure peut suffire<\/em>.<\/p>\n<p style=\"text-align: left;\">Cependant, il est pr\u00e9f\u00e9rable pour le bon apprentissage que je revois votre chien pour m&rsquo;assurer de la bonne compr\u00e9hension des informations transmises.<\/p>\n<p><img loading=\"lazy\" decoding=\"async\" class=\"size-medium wp-image-2273 aligncenter\" src=\"http:\/\/dogteacher.fr\/wp-content\/uploads\/2022\/10\/IMG_0553-1-300x200.jpg\" alt=\"\" width=\"300\" height=\"200\" srcset=\"https:\/\/dogteacher.fr\/wp-content\/uploads\/2022\/10\/IMG_0553-1-300x200.jpg 300w, https:\/\/dogteacher.fr\/wp-content\/uploads\/2022\/10\/IMG_0553-1-1024x683.jpg 1024w, https:\/\/dogteacher.fr\/wp-content\/uploads\/2022\/10\/IMG_0553-1-768x512.jpg 768w, https:\/\/dogteacher.fr\/wp-content\/uploads\/2022\/10\/IMG_0553-1-1536x1024.jpg 1536w, https:\/\/dogteacher.fr\/wp-content\/uploads\/2022\/10\/IMG_0553-1-2048x1365.jpg 2048w\" sizes=\"auto, (max-width: 300px) 100vw, 300px\" \/><\/p>\n<p style=\"text-align: left;\"><\/div><\/div><\/div>\n<div class=\"su-accordion su-u-trim\"><div class=\"su-spoiler su-spoiler-style-default su-spoiler-icon-plus-circle su-spoiler-closed\" data-scroll-offset=\"0\" data-anchor-in-url=\"no\"><div class=\"su-spoiler-title\" tabindex=\"0\" role=\"button\"><span class=\"su-spoiler-icon\"><\/span><\/p>\n<h4>FORFAITS:<\/h4>\n<p>Prix variable<br \/>\n<\/div><div class=\"su-spoiler-content su-u-clearfix su-u-trim\">\n<p style=\"text-align: left;\">A la suite du bilan comportemental , je serai en mesure de\u00a0 vous proposer diff\u00e9rents forfaits <strong><span style=\"color: #808080;\">d&rsquo;\u00e9ducation<\/span><\/strong> ou de <strong><span style=\"color: #808080;\">r\u00e9\u00e9ducation<\/span> <\/strong>adapt\u00e9s \u00e0 vos attentes avec <strong><span style=\"color: #00ccff;\">un tarif d\u00e9gressif :<\/span><\/strong><\/p>\n<h4><\/h4>\n<h4><span style=\"color: #ff9900;\"><strong>5 Le\u00e7ons<\/strong>:<\/span> <strong>&#8211;<span style=\"color: #00ccff;\"> 10%<\/span> soit<span style=\"color: #000000;\">\u00a0<\/span><span style=\"color: #ff9900;\"> 270 \u20ac<\/span><\/strong><\/h4>\n<h4><span style=\"color: #ff9900;\"><strong>10 Le\u00e7ons:<\/strong> <\/span><strong>&#8211; <span style=\"color: #00ccff;\">15%<\/span>\u00a0soit<\/strong><span style=\"color: #ff9900;\"><strong> 510 \u20ac<\/strong><\/span><\/h4>\n<h4><span style=\"color: #ff9900;\"><strong>\u00a0 \u00a0 \u00a0 \u00a0 \u00a0 \u00a0<\/strong><\/span><\/h4>\n<h4><\/h4>\n<\/div><\/div><\/div>\n<div class=\"su-accordion su-u-trim\"><div class=\"su-spoiler su-spoiler-style-default su-spoiler-icon-plus-circle su-spoiler-closed\" data-scroll-offset=\"0\" data-anchor-in-url=\"no\"><div class=\"su-spoiler-title\" tabindex=\"0\" role=\"button\"><span class=\"su-spoiler-icon\"><\/span><\/p>\n<h4>COURS COLLECTIFS :<\/h4>\n<h3>35 \u20ac<\/h3>\n<p><\/div><div class=\"su-spoiler-content su-u-clearfix su-u-trim\">\n<p style=\"text-align: left;\">D&rsquo;une dur\u00e9e d&rsquo;<span style=\"color: #ff9900;\"><strong>1 heure et demie <\/strong>,<\/span> les le\u00e7ons collectives ont pour but de <strong><span style=\"color: #00ccff;\">perfectionn\u00e9 les exercices mis en place<\/span> <\/strong>avec votre chien et de <strong><span style=\"color: #00ccff;\">developper sa socialisation intraspecifique.<\/span><\/strong> En <span style=\"color: #ff9900;\"><strong>pr\u00e9sence de cong\u00e9n\u00e8res,<\/strong><\/span> votre chien devra se canaliser et ainsi <strong><span style=\"color: #00ccff;\">renforcer le controle de ses \u00e9motions<\/span><\/strong> en m\u00ealant <span style=\"color: #ff9900;\"><strong>exercices d\u2019ob\u00e9issance et de jeux.\u00a0<\/strong><\/span><\/p>\n<p><strong><span style=\"color: #ff0000;\"><span style=\"color: #00ccff;\">Pour ces raisons,<\/span> concernant les nouveaux \u00e9l\u00e8ves, il est n\u00e9cessaire d&rsquo;effectuer au prealable un bilan comportemental avant toutes inscriptions aux cours collectifs.\u00a0<\/span><\/strong><\/p>\n<p>Pour vous inscrire au cours collectif, veuillez vous rendre sur l&rsquo;onglet <span style=\"color: #ff9900;\"><strong>Planning Collectif.<\/strong><\/span><\/p>\n<p><img loading=\"lazy\" decoding=\"async\" class=\"size-medium wp-image-2276 aligncenter\" src=\"http:\/\/dogteacher.fr\/wp-content\/uploads\/2022\/10\/IMG_0537-1-300x200.jpg\" alt=\"\" width=\"300\" height=\"200\" srcset=\"https:\/\/dogteacher.fr\/wp-content\/uploads\/2022\/10\/IMG_0537-1-300x200.jpg 300w, https:\/\/dogteacher.fr\/wp-content\/uploads\/2022\/10\/IMG_0537-1-1024x683.jpg 1024w, https:\/\/dogteacher.fr\/wp-content\/uploads\/2022\/10\/IMG_0537-1-768x512.jpg 768w, https:\/\/dogteacher.fr\/wp-content\/uploads\/2022\/10\/IMG_0537-1-1536x1024.jpg 1536w, https:\/\/dogteacher.fr\/wp-content\/uploads\/2022\/10\/IMG_0537-1-2048x1365.jpg 2048w\" sizes=\"auto, (max-width: 300px) 100vw, 300px\" \/><\/p>\n<p style=\"text-align: left;\"><\/div><\/div><\/div>\n<div class=\"su-accordion su-u-trim\"><div class=\"su-spoiler su-spoiler-style-default su-spoiler-icon-plus-circle su-spoiler-closed\" data-scroll-offset=\"0\" data-anchor-in-url=\"no\"><div class=\"su-spoiler-title\" tabindex=\"0\" role=\"button\"><span class=\"su-spoiler-icon\"><\/span><\/p>\n<h4>PROMENADE DE MEUTE - LA SQUAD BY DOGTEACHER<\/h4>\n<h3>30 \u20ac<\/h3>\n<p><\/div><div class=\"su-spoiler-content su-u-clearfix su-u-trim\">\n<div style=\"text-align: left;\"><strong>Offrez \u00e0 votre chien une exp\u00e9rience unique avec<\/strong>\u00a0 <span style=\"color: #ff9900;\"><strong>La Squad<\/strong><\/span> by <span style=\"color: #000000;\"><strong>Dog<\/strong><strong>Teacher<\/strong><\/span><\/div>\n<div style=\"text-align: left;\"><\/div>\n<div style=\"text-align: left;\">\u00a0<span style=\"color: #ff9900;\"><strong>Une promenade en meute<\/strong><\/span> con\u00e7u pour offrir \u00e0 votre chien <strong><span style=\"color: #00ccff;\">une exp\u00e9rience premium<\/span><\/strong>, <strong><span style=\"color: #00ccff;\">enrichissante<\/span> <\/strong>et <strong><span style=\"color: #00ccff;\">stimulante.\u00a0<\/span><\/strong><\/div>\n<div style=\"text-align: left;\"><\/div>\n<div style=\"text-align: left;\">Votre compagnon rejoindra <span style=\"color: #ff9900;\"><strong>une petite \u00e9quipe de 5 chiens<\/strong><\/span> pour <span style=\"color: #00ccff;\"><strong>une aventure de deux heures en pleine nature<\/strong><\/span> pour garantir<strong><span style=\"color: #ff9900;\"> des interactions \u00e9quilibr\u00e9es et un maximum d\u2019attention pour chaque compagnon.<\/span><\/strong><\/div>\n<div style=\"text-align: left;\"><\/div>\n<div style=\"text-align: left;\">Ce que vous pouvez attendre des promenade avec la Squad :<\/div>\n<div style=\"text-align: left;\"><\/div>\n<div style=\"text-align: left;\">\u2022.\u00a0 \u00a0 <span style=\"color: #808080;\"><strong>S\u00e9curit\u00e9 avant tout :<\/strong><\/span> Les chiens sont tenus en<strong><span style=\"color: #ff9900;\"> longe de 5 \u00e0 15 m\u00e8tres<\/span><\/strong>, permettant <strong><span style=\"color: #00ccff;\">une promenade libre tout en restant\u00a0 \u00a0 \u00a0 \u00a0 \u00a0 \u00a0 \u00a0 \u00a0 \u00a0sous contr\u00f4le.<\/span><\/strong><\/div>\n<div style=\"text-align: left;\"><\/div>\n<div style=\"text-align: left;\"><\/div>\n<div style=\"text-align: left;\">\u2022.\u00a0 \u00a0 \u00a0<strong><span style=\"color: #808080;\">Transport s\u00e9curis\u00e9 :<\/span><\/strong> Votre chien est transport\u00e9 en toute s\u00e9curit\u00e9 dans une <strong><span style=\"color: #ff9900;\">caisse de transport adapt\u00e9e \u00e0 sa taille<\/span><\/strong>.<\/div>\n<div style=\"text-align: left;\"><\/div>\n<div style=\"text-align: left;\">\u2022.\u00a0 \u00a0 \u00a0<strong><span style=\"color: #808080;\">Moments \u00e0 partager :<\/span><\/strong> Recevez des photos de votre chien pendant sa sortie, pour <strong><span style=\"color: #ff9900;\">suivre ses aventures et ses interactions\u00a0 \u00a0 \u00a0 \u00a0 \u00a0 \u00a0 \u00a0 \u00a0avec ses compagnons de meute.<\/span><\/strong><\/div>\n<div style=\"text-align: left;\"><\/div>\n<div><\/div>\n<div style=\"text-align: left;\"><strong><span style=\"color: #333333;\">D\u00e9tails pratiques :<\/span><\/strong><\/div>\n<div style=\"text-align: left;\"><\/div>\n<div style=\"text-align: left;\">\u2022.\u00a0 \u00a0 <strong><span style=\"color: #808080;\">\u00a0Tarif :<\/span> <span style=\"color: #000000;\">30 \u20ac<\/span><\/strong> pour <strong><span style=\"color: #808080;\">deux heures de promenade, d\u00e9placement inclus<\/span><\/strong> (<strong><span style=\"color: #808080;\">prise et d\u00e9pose \u00e0 domicile<\/span><\/strong>).<\/div>\n<div style=\"text-align: left;\"><\/div>\n<div style=\"text-align: left;\"><\/div>\n<div style=\"text-align: left;\">\u2022\u00a0 \u00a0 <strong><span style=\"color: #808080;\">\u00a0R\u00e9servation et paiement en ligne :<\/span> <\/strong>Pour plus de <strong><span style=\"color: #00ccff;\">rapidit\u00e9<\/span><\/strong> et de <strong><span style=\"color: #00ccff;\">simplicit\u00e9<\/span><\/strong>, <strong><span style=\"color: #ff9900;\">r<\/span><span style=\"color: #ff9900;\">\u00e9servez et payez directement en ligne<\/span><\/strong>. Un <strong><span style=\"color: #808080;\">processus facile et s\u00e9curis\u00e9<\/span><\/strong> pour garantir votre place dans la prochaine Squad !<\/div>\n<div style=\"text-align: left;\"><\/div>\n<div style=\"text-align: left;\">\u2022.\u00a0 \u00a0<strong><span style=\"color: #808080;\"> \u00a0Zones d\u2019intervention :\u00a0<\/span> <span style=\"color: #000000;\">La Tour de Salvagny &#8211; Charbonniere les bains &#8211; Dommartin &#8211; Lissieu &#8211; Marcy l&rsquo;etoile &#8211; Lentilly &#8211; fleurieux sur L&rsquo;Arbresle &#8211; Limonest &#8211; Champagne au mont d&rsquo;or &#8211; Dardilly &#8211; Ecully .<\/span><\/strong><\/div>\n<div style=\"text-align: left;\"><\/div>\n<div style=\"text-align: left;\"><strong><span style=\"color: #ff9900;\">Offrez \u00e0 votre chien une escapade encadr\u00e9e<\/span><\/strong>, <strong><span style=\"color: #ff9900;\">enrichissante et pleine d\u2019aventures<\/span><\/strong>, <span style=\"color: #808080;\">tout en ayant<\/span> <strong><span style=\"color: #00ccff;\">l\u2019esprit tranquille<\/span><\/strong>.<\/div>\n<div style=\"text-align: left;\">Contactez-nous par t\u00e9l\u00e9phone, pour r\u00e9server une place pour la prochaine Squad !<\/div>\n<div style=\"text-align: left;\"><\/div>\n<div><img loading=\"lazy\" decoding=\"async\" class=\"wp-image-2416 aligncenter\" src=\"http:\/\/dogteacher.fr\/wp-content\/uploads\/2025\/01\/SQUAD_0-300x169.png\" alt=\"\" width=\"317\" height=\"179\" srcset=\"https:\/\/dogteacher.fr\/wp-content\/uploads\/2025\/01\/SQUAD_0-300x169.png 300w, https:\/\/dogteacher.fr\/wp-content\/uploads\/2025\/01\/SQUAD_0-1024x576.png 1024w, https:\/\/dogteacher.fr\/wp-content\/uploads\/2025\/01\/SQUAD_0-768x432.png 768w, https:\/\/dogteacher.fr\/wp-content\/uploads\/2025\/01\/SQUAD_0.png 1440w\" sizes=\"auto, (max-width: 317px) 100vw, 317px\" \/><\/div>\n<div><\/div>\n<p style=\"text-align: left;\"><\/div><\/div><\/div>\n<div class=\"su-accordion su-u-trim\"><div class=\"su-spoiler su-spoiler-style-default su-spoiler-icon-plus-circle su-spoiler-closed\" data-scroll-offset=\"0\" data-anchor-in-url=\"no\"><div class=\"su-spoiler-title\" tabindex=\"0\" role=\"button\"><span class=\"su-spoiler-icon\"><\/span><\/p>\n<h4>HELP MY DOG : CHIENS AGRESSIFS<\/h4>\n<h3>500 \u20ac<\/h3>\n<p><\/div><div class=\"su-spoiler-content su-u-clearfix su-u-trim\">\n<p style=\"text-align: left;\"><span style=\"color: #ff9900;\"><strong>Programme intensif de d\u00e9conditionnement d&rsquo;agressivit\u00e9 humain et\/ou cong\u00e9n\u00e8res<\/strong><\/span>, plus d&rsquo;informations en cliquant sur le logo ci-dessous.<\/p>\n<p><a href=\"https:\/\/dogteacher.fr\/index.php\/2378-2\/\"><img loading=\"lazy\" decoding=\"async\" class=\"aligncenter wp-image-2380\" src=\"http:\/\/dogteacher.fr\/wp-content\/uploads\/2024\/09\/Help-my-Dog-300x300.png\" alt=\"\" width=\"259\" height=\"259\" srcset=\"https:\/\/dogteacher.fr\/wp-content\/uploads\/2024\/09\/Help-my-Dog-300x300.png 300w, https:\/\/dogteacher.fr\/wp-content\/uploads\/2024\/09\/Help-my-Dog-1024x1024.png 1024w, https:\/\/dogteacher.fr\/wp-content\/uploads\/2024\/09\/Help-my-Dog-150x150.png 150w, https:\/\/dogteacher.fr\/wp-content\/uploads\/2024\/09\/Help-my-Dog-768x768.png 768w, https:\/\/dogteacher.fr\/wp-content\/uploads\/2024\/09\/Help-my-Dog.png 1080w\" sizes=\"auto, (max-width: 259px) 100vw, 259px\" \/><\/a><\/p>\n<p style=\"text-align: left;\"><\/div><\/div><\/div>\n<div class=\"su-accordion su-u-trim\"><div class=\"su-spoiler su-spoiler-style-default su-spoiler-icon-plus-circle su-spoiler-closed\" data-scroll-offset=\"0\" data-anchor-in-url=\"no\"><div class=\"su-spoiler-title\" tabindex=\"0\" role=\"button\"><span class=\"su-spoiler-icon\"><\/span><\/p>\n<h4>PECCRAM<\/h4>\n<p>Sur demande <\/div><div class=\"su-spoiler-content su-u-clearfix su-u-trim\">\n<p style=\"text-align: left;\"><strong><span style=\"color: #00ccff;\">N\u2019h\u00e9siter pas a me contacter<\/span><\/strong> pour plus de renseignements concernant les sessions d&rsquo;intervention au<strong><span style=\"color: #000000;\"> PECCRAM<\/span><\/strong>.<\/p>\n<p><img loading=\"lazy\" decoding=\"async\" class=\"aligncenter wp-image-1913 size-large\" src=\"http:\/\/dogteacher.fr\/wp-content\/uploads\/2018\/09\/photo-peccram-sonnaz-1024x501.jpg\" alt=\"\" width=\"800\" height=\"391\" srcset=\"https:\/\/dogteacher.fr\/wp-content\/uploads\/2018\/09\/photo-peccram-sonnaz-1024x501.jpg 1024w, https:\/\/dogteacher.fr\/wp-content\/uploads\/2018\/09\/photo-peccram-sonnaz-300x147.jpg 300w, https:\/\/dogteacher.fr\/wp-content\/uploads\/2018\/09\/photo-peccram-sonnaz-768x376.jpg 768w, https:\/\/dogteacher.fr\/wp-content\/uploads\/2018\/09\/photo-peccram-sonnaz.jpg 1448w\" sizes=\"auto, (max-width: 800px) 100vw, 800px\" \/><\/p>\n<p style=\"text-align: left;\"><\/div><\/div><\/div>\n<h3><strong><span style=\"color: #ff0000;\">IMPORTANT !<\/span><\/strong><\/h3>\n<p><span class=\"im\" style=\"color: #ff0000;\"><span style=\"color: #000000;\">A noter que l\u2019\u00e9ducation est<\/span><\/span> <strong><span class=\"im\" style=\"color: #ff0000;\">un travail de tous les jours.<\/span><\/strong><\/p>\n<p><span class=\"im\"><span style=\"color: #00ccff;\"><strong>Le chien comme tout \u00eatre vivant est dot\u00e9 de sa propre personnalit\u00e9, conscience&#8230;<\/strong><\/span> Il n&rsquo;est donc pas toujours ais\u00e9 pour le ma\u00eetre d&rsquo;adopter les comportements ad\u00e9quats, malgr\u00e9 sa bonne volont\u00e9.<\/span><\/p>\n<p>Ainsi, pour <strong><span style=\"color: #00ccff;\">obtenir les r\u00e9sultats souhait\u00e9s, <span style=\"color: #ff9900;\">l&rsquo;\u00e9coute aux besoins de votre chien est primordiale.<\/span><\/span><\/strong><\/p>\n<p><strong><span style=\"color: #ff9900;\">Je suis pr\u00e9sent pour vous aider et vous guider au fil des le\u00e7ons<\/span><\/strong>, afin de vous transmettre les outils et les conseils n\u00e9cessaires en vu d&rsquo;instaurer une vraie alchimie entre vous et votre compagnon.<\/p>\n<div class=\"adL\">\n<p><span class=\"im\"><strong><span style=\"color: #00ccff;\">Prendre un animal est un engagement<\/span><\/strong>, il vous faudra <strong><span style=\"color: #00ccff;\">l&rsquo;accompagner tout au long de sa vie<\/span><\/strong> et notamment, <strong><span style=\"color: #ff9900;\">savoir s&rsquo;adapter \u00e0 son d\u00e9veloppement<\/span><\/strong> et \u00e0 tout nouvel \u00e9v\u00e9nement pouvant survenir, afin d&rsquo;acqu\u00e9rir les bons r\u00e9flexes d&rsquo;\u00e9ducation.<\/span><\/p>\n<p>Le r\u00e9sultat ne d\u00e9pendra que de votre <strong><span style=\"color: #ff9900;\">implication quotidienne<\/span><\/strong> dans les sorties ext\u00e9rieures et \u00e9changes complices avec votre chien.<\/p>\n<\/div>\n","protected":false},"excerpt":{"rendered":"<p>DOGTEACHER VOUS PROPOSE \u00a0DIFF\u00c9RENTES PRESTATIONS ADAPT\u00c9ES A VOS BESOINS : IMPORTANT ! A noter que l\u2019\u00e9ducation est un travail de tous les jours. Le chien comme tout \u00eatre vivant est &#8230;<\/p>\n","protected":false},"author":1,"featured_media":0,"parent":0,"menu_order":0,"comment_status":"closed","ping_status":"closed","template":"template-fullwidth.php","meta":{"footnotes":""},"class_list":["post-1354","page","type-page","status-publish","hentry"],"_links":{"self":[{"href":"https:\/\/dogteacher.fr\/index.php\/wp-json\/wp\/v2\/pages\/1354","targetHints":{"allow":["GET"]}}],"collection":[{"href":"https:\/\/dogteacher.fr\/index.php\/wp-json\/wp\/v2\/pages"}],"about":[{"href":"https:\/\/dogteacher.fr\/index.php\/wp-json\/wp\/v2\/types\/page"}],"author":[{"embeddable":true,"href":"https:\/\/dogteacher.fr\/index.php\/wp-json\/wp\/v2\/users\/1"}],"replies":[{"embeddable":true,"href":"https:\/\/dogteacher.fr\/index.php\/wp-json\/wp\/v2\/comments?post=1354"}],"version-history":[{"count":131,"href":"https:\/\/dogteacher.fr\/index.php\/wp-json\/wp\/v2\/pages\/1354\/revisions"}],"predecessor-version":[{"id":2436,"href":"https:\/\/dogteacher.fr\/index.php\/wp-json\/wp\/v2\/pages\/1354\/revisions\/2436"}],"wp:attachment":[{"href":"https:\/\/dogteacher.fr\/index.php\/wp-json\/wp\/v2\/media?parent=1354"}],"curies":[{"name":"wp","href":"https:\/\/api.w.org\/{rel}","templated":true}]}}