{"id":1405,"date":"2017-07-26T16:57:29","date_gmt":"2017-07-26T14:57:29","guid":{"rendered":"http:\/\/dogteacher.fr\/?page_id=1405"},"modified":"2023-12-30T15:49:44","modified_gmt":"2023-12-30T14:49:44","slug":"services","status":"publish","type":"page","link":"https:\/\/dogteacher.fr\/index.php\/services\/","title":{"rendered":"Services"},"content":{"rendered":"<h3><span style=\"color: #ff9900;\">POURQUOI<\/span> FAIRE APPEL A UN <span style=\"color: #00ccff;\">\u00c9DUCATEUR CANIN ?<\/span><\/h3>\n<div class=\"su-accordion su-u-trim\"><div class=\"su-spoiler su-spoiler-style-default su-spoiler-icon-plus-circle su-spoiler-closed\" data-scroll-offset=\"0\" data-anchor-in-url=\"no\"><div class=\"su-spoiler-title\" tabindex=\"0\" role=\"button\"><span class=\"su-spoiler-icon\"><\/span><\/p>\n<h5>VOUS D\u00c9SIREZ ADOPTER UN CHIOT OU CHIEN ADULTE.<\/div><div class=\"su-spoiler-content su-u-clearfix su-u-trim\"><\/h5>\n<p>Vous vous<strong>\u00a0<span style=\"color: #999999;\">interrogez<\/span>\u00a0<\/strong>sur quelle\u00a0<span style=\"color: #999999;\"><strong>race<\/strong>\u00a0<\/span>de chien\u00a0<span style=\"color: #00ccff;\"><strong>vous correspondrait le mieux<\/strong><\/span><\/p>\n<p style=\"text-align: left;\">\u00a0 Les races de chiens officiellement reconnues sont class\u00e9es en <span style=\"color: #00ccff;\"><strong>10 groupes distincts,<\/strong><\/span> eux-m\u00eames divis\u00e9s en sections, <span style=\"color: #999999;\"><strong>cr\u00e9\u00e9es en fonction des origines, des comportements et sp\u00e9cificit\u00e9s de chaque race.<\/strong><\/span><\/p>\n<p style=\"text-align: left;\">\u00a0 \u00a0De ce fait, pour\u00a0<b><span style=\"color: #00ccff;\">le bien \u00eatre, le d\u00e9veloppement et l&rsquo;\u00e9panouissement\u00a0de l&rsquo;animal<\/span>,<\/b>\u00a0il est recommand\u00e9 de choisir un chien<span style=\"color: #ff9900;\"><strong> adapt\u00e9 \u00e0 votre mode de vie<\/strong><\/span>\u00a0et au<span style=\"color: #ff9900;\"><strong> temps que vous avez \u00e0 lui consacrer quotidiennement.<\/strong><\/span><\/p>\n<p style=\"text-align: left;\"><span style=\"color: #999999;\"><strong>Pour vous venir en aide<\/strong>, J&rsquo;ai cr\u00e9e<strong> <span style=\"color: #ff9900;\">Dog<\/span><span style=\"color: #00ccff;\">Teacher<\/span> <span style=\"color: #ff6600;\">Starter<\/span> : <\/strong><\/span><\/p>\n<p style=\"text-align: left;\"><span style=\"color: #999999;\"><strong><span style=\"color: #ff9900;\">Dog<\/span><span style=\"color: #00ccff;\">Teacher<\/span> <span style=\"color: #ff6600;\">Starter <\/span><\/strong>est une<strong> formation en ligne entierement gratuite <\/strong>qui a pour but de<\/span><span style=\"color: #999999;\">\u00a0vous<strong> fournir<br \/>\ntous les outils et connaissances n\u00e9cessaires<br \/>\n<\/strong>pour prendre une d\u00e9cision \u00e9clair\u00e9e concernant la race de chien adapt\u00e9e \u00e0 votre mode de vie.<\/span><\/p>\n<p>Pour acceder gratuitement \u00e0 <strong><span style=\"color: #ff9900;\">Dog<\/span><\/strong><span style=\"color: #00ccff;\"><strong>Teacher<\/strong><\/span> <span style=\"color: #ff6600;\"><strong>Starter<\/strong><\/span> cliquez sur le lien ci-dessous:<\/p>\n<p><a href=\"https:\/\/www.dogteacheracademy.com\/dogteacher-starter\">https:\/\/www.dogteacheracademy.com\/dogteacher-starter<\/a><\/p>\n<p style=\"text-align: left;\"><span style=\"font-size: revert;\"><div class=\"su-custom-gallery su-custom-gallery-align-left su-custom-gallery-title-never\"><div class=\"su-custom-gallery-slide\" style=\"width:710px;height:285px\"><a><img loading=\"lazy\" decoding=\"async\" src=\"https:\/\/dogteacher.fr\/wp-content\/uploads\/2018\/01\/meute-chien-710x285.jpg\" alt=\"\" width=\"710\" height=\"285\" \/><\/a><\/div><div class=\"su-clear\"><\/div><\/div><\/span><\/p>\n<\/div><\/div><\/div>\n<div class=\"su-accordion su-u-trim\"><div class=\"su-spoiler su-spoiler-style-default su-spoiler-icon-plus-circle su-spoiler-closed\" data-scroll-offset=\"0\" data-anchor-in-url=\"no\"><div class=\"su-spoiler-title\" tabindex=\"0\" role=\"button\"><span class=\"su-spoiler-icon\"><\/span><\/p>\n<h5>VOUS VENEZ D\u2019ACCUEILLIR UN CHIOT, ET SOUHAITEZ PARTIR SUR DE BONNES BASES D'\u00c9DUCATION..<\/div><div class=\"su-spoiler-content su-u-clearfix su-u-trim\"><\/h5>\n<p>Lorsque cela est possible, l\u2019\u00e9ducation doit se faire d\u00e8s la premi\u00e8re ann\u00e9e du chien.<\/p>\n<p>Cependant, le chien est dot\u00e9 d&rsquo;une adaptabilit\u00e9 \u00e9tonnante, <strong><span style=\"color: #00ccff;\">le chien est donc capable d\u2019apprendre quel que soit son \u00e2ge si nous savons respecter ses besoins<\/span><\/strong>, instaurer une <strong><span style=\"color: #ff9900;\">relation de confiance<\/span><\/strong> et avoir des <strong><span style=\"color: #ff9900;\">comportements coh\u00e9rents<\/span><\/strong>. Il faut pour cela bien conna\u00eetre les m\u00e9canismes Homme\/Animal et avoir une connaissance \u00e9thologique des sp\u00e9cificit\u00e9s de l\u2019animal, connaissances que le professionnel vous apportera.<\/p>\n<p><strong><span style=\"color: #00ccff;\">\u00c9duquer son chien\u00a0d\u00e8s son plus \u00e2ge est donc primordial <\/span><\/strong>, cela pourra vous \u00e9viter bien des ennuis. De plus, travailler l&rsquo;ob\u00e9issance permet de renforcer le lien avec votre animal et de faciliter votre \u00ab\u00a0vie \u00e0 deux\u00a0\u00bb.<\/p>\n<p>La chien a soif d&rsquo;apprendre et\u00a0aime par nature satisfaire son ma\u00eetre et passer du temps avec lui. <strong><span style=\"color: #ff9900;\">Alors autant mettre \u00e0 profit intelligemment les moments que vous allez lui consacrer !<\/span><\/strong><\/p>\n<div class=\"su-custom-gallery su-custom-gallery-align-left su-custom-gallery-title-never\"><div class=\"su-custom-gallery-slide\" style=\"width:200px;height:300px\"><a><img loading=\"lazy\" decoding=\"async\" src=\"https:\/\/dogteacher.fr\/wp-content\/uploads\/2017\/07\/CHIOT--200x300.jpg\" alt=\"CHIOT &#038;\" width=\"200\" height=\"300\" \/><span class=\"su-custom-gallery-title\">CHIOT &#038;<\/span><\/a><\/div><div class=\"su-custom-gallery-slide\" style=\"width:200px;height:300px\"><a><img loading=\"lazy\" decoding=\"async\" src=\"https:\/\/dogteacher.fr\/wp-content\/uploads\/2017\/07\/chiot4-200x300.jpg\" alt=\"chiot4\" width=\"200\" height=\"300\" \/><span class=\"su-custom-gallery-title\">chiot4<\/span><\/a><\/div><div class=\"su-custom-gallery-slide\" style=\"width:200px;height:300px\"><a><img loading=\"lazy\" decoding=\"async\" src=\"https:\/\/dogteacher.fr\/wp-content\/uploads\/2017\/07\/chiot5-200x300.jpg\" alt=\"chiot5\" width=\"200\" height=\"300\" \/><span class=\"su-custom-gallery-title\">chiot5<\/span><\/a><\/div><div class=\"su-clear\"><\/div><\/div><\/div><\/div><\/div>\n<div class=\"su-accordion su-u-trim\"><div class=\"su-spoiler su-spoiler-style-default su-spoiler-icon-plus-circle su-spoiler-closed\" data-scroll-offset=\"0\" data-anchor-in-url=\"no\"><div class=\"su-spoiler-title\" tabindex=\"0\" role=\"button\"><span class=\"su-spoiler-icon\"><\/span><\/p>\n<h5>VOTRE CHIEN A DES COMPORTEMENTS DEVIANTS. <\/div><div class=\"su-spoiler-content su-u-clearfix su-u-trim\"><\/h5>\n<h5>-MANQUE D\u2019OB\u00c9ISSANCE<\/h5>\n<p><img loading=\"lazy\" decoding=\"async\" class=\"alignnone wp-image-1774\" src=\"http:\/\/dogteacher.fr\/wp-content\/uploads\/2018\/02\/obeissance-300x176.jpg\" alt=\"\" width=\"216\" height=\"127\" srcset=\"https:\/\/dogteacher.fr\/wp-content\/uploads\/2018\/02\/obeissance-300x176.jpg 300w, https:\/\/dogteacher.fr\/wp-content\/uploads\/2018\/02\/obeissance.jpg 583w\" sizes=\"auto, (max-width: 216px) 100vw, 216px\" \/><img loading=\"lazy\" decoding=\"async\" class=\"alignnone wp-image-1775\" src=\"http:\/\/dogteacher.fr\/wp-content\/uploads\/2018\/02\/tire-en-laisse2-300x168.jpg\" alt=\"\" width=\"204\" height=\"114\" srcset=\"https:\/\/dogteacher.fr\/wp-content\/uploads\/2018\/02\/tire-en-laisse2-300x168.jpg 300w, https:\/\/dogteacher.fr\/wp-content\/uploads\/2018\/02\/tire-en-laisse2-768x430.jpg 768w, https:\/\/dogteacher.fr\/wp-content\/uploads\/2018\/02\/tire-en-laisse2.jpg 800w\" sizes=\"auto, (max-width: 204px) 100vw, 204px\" \/>\u00a0Votre chien ne vous ob\u00e9is pas, tire en laisse&#8230;<\/p>\n<h5><em><strong>&#8211; Aboiements\u00a0<\/strong><\/em><\/h5>\n<p><img loading=\"lazy\" decoding=\"async\" class=\"\" src=\"http:\/\/dogteacher.fr\/wp-content\/uploads\/2017\/07\/aboiement1.jpg\" alt=\"\" width=\"150\" height=\"150\" \/><img loading=\"lazy\" decoding=\"async\" src=\"http:\/\/dogteacher.fr\/wp-content\/uploads\/2017\/07\/aboiement2-300x300.jpg\" alt=\"\" width=\"150\" height=\"150\" \/>\u00a0Votre chien aboie sans cesse\u00a0sur les humains, les chiens, les voitures, les v\u00e9los&#8230;<\/p>\n<h5><em><strong>&#8211; Fugues<\/strong><\/em><\/h5>\n<p><img loading=\"lazy\" decoding=\"async\" class=\"\" src=\"http:\/\/dogteacher.fr\/wp-content\/uploads\/2017\/07\/fugue1-300x257.jpg\" alt=\"\" width=\"175\" height=\"150\" \/><img loading=\"lazy\" decoding=\"async\" src=\"http:\/\/dogteacher.fr\/wp-content\/uploads\/2017\/07\/fugue2.jpg\" alt=\"\" width=\"150\" height=\"150\" \/>\u00a0Votre chien fugue en votre absence et\/ou en votre pr\u00e9sence<\/p>\n<h5><em><strong>&#8211; Agressivit\u00e9<\/strong><\/em><\/h5>\n<p><img loading=\"lazy\" decoding=\"async\" src=\"http:\/\/dogteacher.fr\/wp-content\/uploads\/2017\/07\/agress1-300x200.jpg\" alt=\"\" width=\"150\" height=\"150\" \/><img loading=\"lazy\" decoding=\"async\" class=\"\" src=\"http:\/\/dogteacher.fr\/wp-content\/uploads\/2017\/07\/agress2-300x171.jpg\" alt=\"\" width=\"178\" height=\"101\" \/>\u00a0Votre chien est agressif contre les chiens et\/ou les humains: grognement, aboiement, morsure&#8230;.<\/p>\n<h5><em><strong>&#8211; D\u00e9prime<\/strong><\/em><\/h5>\n<p><img loading=\"lazy\" decoding=\"async\" src=\"http:\/\/dogteacher.fr\/wp-content\/uploads\/2017\/07\/deprime1-300x200.jpg\" alt=\"\" width=\"150\" height=\"150\" \/><img loading=\"lazy\" decoding=\"async\" src=\"http:\/\/dogteacher.fr\/wp-content\/uploads\/2017\/07\/deprim2-300x200.jpg\" alt=\"\" width=\"150\" height=\"150\" \/>\u00a0Votre chien semble d\u00e9prim\u00e9, il ne veut plus manger ni m\u00eame sortir en balade \u00e0 l\u2019ext\u00e9rieur&#8230;<\/p>\n<h5><em><strong>&#8211; Peurs ou Phobies<\/strong><\/em><\/h5>\n<p><img loading=\"lazy\" decoding=\"async\" class=\"\" src=\"http:\/\/dogteacher.fr\/wp-content\/uploads\/2017\/07\/peur1.jpg\" alt=\"\" width=\"201\" height=\"122\" \/><img loading=\"lazy\" decoding=\"async\" src=\"http:\/\/dogteacher.fr\/wp-content\/uploads\/2017\/07\/peur2-300x250.jpg\" alt=\"\" width=\"150\" height=\"150\" \/>\u00a0Votre chien a des peurs ou des phobies: chiens, humains, voitures, v\u00e9lo, aspirateur, situations anxiog\u00e8nes&#8230;.<\/p>\n<h5><em><strong>&#8211; Malpropret\u00e9<\/strong><\/em><\/h5>\n<p><img loading=\"lazy\" decoding=\"async\" class=\"\" src=\"http:\/\/dogteacher.fr\/wp-content\/uploads\/2017\/07\/chien-pipi2-300x135.jpg\" alt=\"\" width=\"195\" height=\"88\" \/><img loading=\"lazy\" decoding=\"async\" class=\"\" src=\"http:\/\/dogteacher.fr\/wp-content\/uploads\/2017\/07\/pipi3-300x169.jpg\" alt=\"\" width=\"155\" height=\"88\" \/>\u00a0Votre chien fait ses besoins \u00e0 l\u2019int\u00e9rieur de la maison<\/p>\n<h5><em><strong>&#8211; Destruction<\/strong><\/em><\/h5>\n<p><img loading=\"lazy\" decoding=\"async\" src=\"http:\/\/dogteacher.fr\/wp-content\/uploads\/2017\/07\/destruction1-300x300.jpg\" alt=\"\" width=\"150\" height=\"150\" \/><img loading=\"lazy\" decoding=\"async\" class=\"\" src=\"http:\/\/dogteacher.fr\/wp-content\/uploads\/2017\/07\/destruc2-300x200.jpg\" alt=\"\" width=\"228\" height=\"152\" \/>\u00a0Votre chien detruit en votre absence et\/ou en votre pr\u00e9sence.<\/p>\n<h5><em><strong>&#8211; Automutilation<\/strong><\/em><\/h5>\n<p><img loading=\"lazy\" decoding=\"async\" src=\"http:\/\/dogteacher.fr\/wp-content\/uploads\/2017\/07\/mutil2.jpg\" alt=\"\" width=\"150\" height=\"150\" \/><img loading=\"lazy\" decoding=\"async\" class=\"\" src=\"http:\/\/dogteacher.fr\/wp-content\/uploads\/2017\/07\/mutil1-200x300.jpg\" alt=\"\" width=\"104\" height=\"156\" \/>\u00a0Votre chien se mutile,il a des cro\u00fbtes, des plaies de l\u00e9chage&#8230;.<\/p>\n<h5><em><strong>&#8211; Hyperactivit\u00e9<\/strong><\/em><\/h5>\n<p style=\"text-align: left;\"><img loading=\"lazy\" decoding=\"async\" class=\"\" src=\"http:\/\/dogteacher.fr\/wp-content\/uploads\/2017\/07\/hyper1-240x300.jpg\" alt=\"\" width=\"128\" height=\"160\" \/><img loading=\"lazy\" decoding=\"async\" class=\"\" src=\"http:\/\/dogteacher.fr\/wp-content\/uploads\/2017\/07\/hyper2-300x200.jpg\" alt=\"\" width=\"239\" height=\"159\" \/>\u00a0Votre chien est hyperactif, il est toujours sur le qui-vive, il n&rsquo;arrive pas \u00e0 contr\u00f4ler ses \u00e9motions&#8230;..<\/p>\n<p>Tous ces <span style=\"color: #00ccff;\"><em><strong>comportements<\/strong><\/em><\/span>\u00a0que le chien adopte peuvent \u00eatre :<\/p>\n<ul>\n<li>li\u00e9s \u00e0 un\/des\u00a0<span style=\"color: #ff6600;\"><strong>trouble(s) du\u00a0<\/strong><\/span><span style=\"color: #ff6600;\"><b>d\u00e9veloppement\u00a0<\/b><\/span><\/li>\n<li>li\u00e9s a une\/des <span style=\"color: #ff6600;\"><b>pathologie(s)<\/b><\/span><\/li>\n<li>li\u00e9s \u00e0 un <strong><span style=\"color: #ff6600;\">d\u00e9faut d&rsquo;\u00e9ducation<\/span><\/strong><\/li>\n<li>un moyen pour lui d&rsquo;<strong><span style=\"color: #ff6600;\">exprimer son mal \u00eatre<\/span>. <\/strong><\/li>\n<\/ul>\n<p>D&rsquo;origine<span style=\"color: #ff6600;\"><strong> m\u00e9dicale<\/strong><\/span> ou <span style=\"color: #ff6600;\"><strong>comportementale<\/strong>,<\/span> il est important pour le bien \u00eatre de votre compagnon \u00e0 quatre pattes et pour la s\u00e9r\u00e9nit\u00e9 du foyer de <span style=\"color: #00ccff;\"><strong>trouver les raisons de ces agissements<\/strong>,<\/span> afin de <strong><span style=\"color: #00ccff;\">mettre en place<\/span><span style=\"color: #00ccff;\"> les solutions les mieux adapt\u00e9es<\/span><\/strong>\u00a0\u00e0 votre chien.<\/div><\/div><\/div>\n<h3><\/h3>\n<div class=\"su-accordion su-u-trim\"><div class=\"su-spoiler su-spoiler-style-default su-spoiler-icon-plus-circle su-spoiler-closed\" data-scroll-offset=\"0\" data-anchor-in-url=\"no\"><div class=\"su-spoiler-title\" tabindex=\"0\" role=\"button\"><span class=\"su-spoiler-icon\"><\/span><\/p>\n<h4>PECCRAM<\/h4>\n<p>Programme d'Education \u00e0 la Connaissance du chien et au risque d'Accident par Morsures<br \/>\n<\/div><div class=\"su-spoiler-content su-u-clearfix su-u-trim\">\n<p>A mon sens, en raison de la m\u00e9diatisation des accidents survenus par des chiens \u00e0 l&rsquo;encontre des enfants, il m&rsquo;a sembl\u00e9 indispensable d&rsquo;\u00eatre form\u00e9 sur la relation chien\/enfant, afin de combattre les id\u00e9es re\u00e7ues et d&rsquo;apporter les cl\u00e9s pour emp\u00eacher au maximum ces accidents.<\/p>\n<p>Il faut savoir que dans la majorit\u00e9 des cas, ces accidents domestiques auraient pu \u00eatre \u00e9vit\u00e9s, si l&rsquo;enfant avait su dans quelles circonstances il peut aborder un chien. M\u00eame si cela peut para\u00eetre \u00e9vident, les adultes oublient\u00a0 que le chien reste un animal et n&rsquo;est pas une peluche avec laquelle, l&rsquo;enfant peut jouer quand il le d\u00e9sire. Il ne faut pas oublier que tout chien m\u00eame le plus gentil soit il, a besoin de ces moments de repos.<\/p>\n<p>Pour \u00e9toffer mes connaissances dans ce domaine, j&rsquo;ai donc suivi une formation aupr\u00e8s de <strong><span style=\"color: #000000;\">Chantal Hazard,<\/span><\/strong>\u00a0\u00a0retrait\u00e9e de l\u2019\u00c9ducation Nationale et comportementaliste canin dipl\u00f4m\u00e9e, qui a mis \u00e0 profit ses 40 ann\u00e9es d&rsquo;exp\u00e9rience au service de l&rsquo;\u00e9cole et du chien.<\/p>\n<p style=\"text-align: left;\">Cette formation a pour objectif d<strong><span style=\"color: #00ccff;\">&lsquo;initier des groupes d&rsquo;enfants de 4 \u00e0 12 ans aux bons comportements \u00e0 adopter en pr\u00e9sence de chiens, mais \u00e9galement de connaitre l&rsquo;\u00e9tat d&rsquo;esprit du chien (agressif, joueur&#8230;) de part son expression corporelle.\u00a0 \u00a0 \u00a0 \u00a0 \u00a0 \u00a0 \u00a0 \u00a0 \u00a0 \u00a0 \u00a0 \u00a0 \u00a0 \u00a0 \u00a0 \u00a0 \u00a0 \u00a0 \u00a0 \u00a0 \u00a0 \u00a0 \u00a0 \u00a0 \u00a0 \u00a0 \u00a0 \u00a0 \u00a0 \u00a0 \u00a0 \u00a0 \u00a0 \u00a0 \u00a0 \u00a0 \u00a0 <\/span><\/strong><span style=\"color: #00ccff;\">\u00a0 \u00a0 \u00a0 \u00a0 \u00a0 \u00a0 \u00a0 \u00a0 \u00a0 \u00a0 \u00a0 \u00a0 \u00a0 \u00a0 \u00a0 \u00a0 \u00a0 \u00a0 \u00a0 \u00a0 \u00a0 \u00a0 \u00a0 \u00a0 \u00a0 \u00a0 \u00a0 \u00a0 \u00a0<\/span><span style=\"color: #000000;\">Ce qui leur permettra de savoir\u00a0<\/span><strong><span style=\"color: #00ccff;\">vivre en bonne harmonie et d&rsquo;\u00e9viter toute m\u00e9saventure avec nos compagnons \u00e0 quatre pattes<\/span><\/strong>.<\/p>\n<p>Ce programme a re\u00e7u le <span style=\"color: #ffcc00;\">premier prix<\/span>\u00a0\u00ab\u00a0Animal de compagnie dans la ville\u00a0\u00bb<\/p>\n<p>d\u00e9cern\u00e9 par la <span style=\"color: #000000;\">FACCO<\/span> (chambre syndicale des fabricants d&rsquo;aliments pr\u00e9par\u00e9s pour animaux familiers )<\/p>\n<p><strong><span style=\"color: #ff9900;\">J&rsquo;interviens dans le milieu scolaire<\/span><\/strong> directement aupr\u00e8s des enfants accompagn\u00e9s de leur instituteur\/institutrice pendant les heures de classe,<strong><span style=\"color: #ff9900;\">\u00a0en milieu p\u00e9riscolaire<\/span><\/strong> ( TAP, centre a\u00e9r\u00e9&#8230;.), <strong><span style=\"color: #ff9900;\">mais aussi en milieu Priv\u00e9 <\/span><\/strong><span style=\"color: #ff9900;\">(domicile, parc public&#8230;).<\/span><\/p>\n<p style=\"text-align: left;\">Maternelles (grande section), Ecoles Primaire (CP au CM2), Coll\u00e8ges (6\u00e8me), Mairies, Centres A\u00e9r\u00e9s, associations, particuliers&#8230;.. N\u2019h\u00e9sitez pas\u00a0\u00e0 me contacter pour plus de renseignements.<\/p>\n<p><img loading=\"lazy\" decoding=\"async\" class=\"alignnone wp-image-1913\" src=\"http:\/\/dogteacher.fr\/wp-content\/uploads\/2018\/09\/photo-peccram-sonnaz-300x147.jpg\" alt=\"\" width=\"815\" height=\"399\" srcset=\"https:\/\/dogteacher.fr\/wp-content\/uploads\/2018\/09\/photo-peccram-sonnaz-300x147.jpg 300w, https:\/\/dogteacher.fr\/wp-content\/uploads\/2018\/09\/photo-peccram-sonnaz-768x376.jpg 768w, https:\/\/dogteacher.fr\/wp-content\/uploads\/2018\/09\/photo-peccram-sonnaz-1024x501.jpg 1024w, https:\/\/dogteacher.fr\/wp-content\/uploads\/2018\/09\/photo-peccram-sonnaz.jpg 1448w\" sizes=\"auto, (max-width: 815px) 100vw, 815px\" \/><\/p>\n<\/div><\/div><\/div>\n","protected":false},"excerpt":{"rendered":"<p>POURQUOI FAIRE APPEL A UN \u00c9DUCATEUR CANIN ?<\/p>\n","protected":false},"author":1,"featured_media":0,"parent":0,"menu_order":0,"comment_status":"closed","ping_status":"closed","template":"template-fullwidth.php","meta":{"footnotes":""},"class_list":["post-1405","page","type-page","status-publish","hentry"],"_links":{"self":[{"href":"https:\/\/dogteacher.fr\/index.php\/wp-json\/wp\/v2\/pages\/1405","targetHints":{"allow":["GET"]}}],"collection":[{"href":"https:\/\/dogteacher.fr\/index.php\/wp-json\/wp\/v2\/pages"}],"about":[{"href":"https:\/\/dogteacher.fr\/index.php\/wp-json\/wp\/v2\/types\/page"}],"author":[{"embeddable":true,"href":"https:\/\/dogteacher.fr\/index.php\/wp-json\/wp\/v2\/users\/1"}],"replies":[{"embeddable":true,"href":"https:\/\/dogteacher.fr\/index.php\/wp-json\/wp\/v2\/comments?post=1405"}],"version-history":[{"count":100,"href":"https:\/\/dogteacher.fr\/index.php\/wp-json\/wp\/v2\/pages\/1405\/revisions"}],"predecessor-version":[{"id":2374,"href":"https:\/\/dogteacher.fr\/index.php\/wp-json\/wp\/v2\/pages\/1405\/revisions\/2374"}],"wp:attachment":[{"href":"https:\/\/dogteacher.fr\/index.php\/wp-json\/wp\/v2\/media?parent=1405"}],"curies":[{"name":"wp","href":"https:\/\/api.w.org\/{rel}","templated":true}]}}