{"id":1999,"date":"2022-07-28T00:45:43","date_gmt":"2022-07-27T22:45:43","guid":{"rendered":"http:\/\/dogteacher.fr\/?page_id=1999"},"modified":"2023-12-26T19:13:31","modified_gmt":"2023-12-26T18:13:31","slug":"produits-conseilles","status":"publish","type":"page","link":"https:\/\/dogteacher.fr\/index.php\/produits-conseilles\/","title":{"rendered":"Produits conseill\u00e9s"},"content":{"rendered":"\n<p><\/p>\n\n\n\n<p class=\"has-text-align-center\">Avec une multitude de produits pr\u00e9sents sur le march\u00e9 plus ou moins chers ou encore de bonne ou de mauvaise qualit\u00e9, il est parfois difficile de s&rsquo;y retrouver et de choisir de bons produits adapt\u00e9s \u00e0 votre chien et \u00e0 des tarifs raisonables. <\/p>\n\n\n\n<p class=\"has-text-align-center\">De ce fait, avec du recul, plusieurs ann\u00e9es de tests et un regroupement des avis de ma client\u00e8le, j&rsquo;ai selectionn\u00e9 sur Amazon diff\u00e9rents produits indispensables au quotidien de votre compagnon \u00e0 quatres pattes.<\/p>\n\n\n\n<p class=\"has-text-align-center\"> Il ne vous reste plus qu&rsquo;\u00e0 s\u00e9lectionner le produit de votre choix, afin de l&rsquo;ajouter dans votre panier Amazon.<\/p>\n\n\n\n<p><\/p>\n\n\n\n<div class=\"wp-block-image is-style-default\"><figure class=\"aligncenter size-full is-resized\"><img loading=\"lazy\" decoding=\"async\" src=\"http:\/\/dogteacher.fr\/wp-content\/uploads\/2022\/07\/IMG_4732-1.jpg\" alt=\"\" class=\"wp-image-2030\" width=\"150\" height=\"150\" srcset=\"https:\/\/dogteacher.fr\/wp-content\/uploads\/2022\/07\/IMG_4732-1.jpg 250w, https:\/\/dogteacher.fr\/wp-content\/uploads\/2022\/07\/IMG_4732-1-150x150.jpg 150w\" sizes=\"auto, (max-width: 150px) 100vw, 150px\" \/><\/figure><\/div>\n\n\n\n<p><\/p>\n\n\n\n<div class=\"wp-block-columns are-vertically-aligned-center is-layout-flex wp-container-core-columns-is-layout-9d6595d7 wp-block-columns-is-layout-flex\">\n<div class=\"wp-block-column is-vertically-aligned-center is-layout-flow wp-block-column-is-layout-flow\" style=\"flex-basis:100%\">\n<div class=\"wp-block-group\"><div class=\"wp-block-group__inner-container is-layout-flow wp-block-group-is-layout-flow\">\n<div class=\"wp-block-buttons is-content-justification-center is-layout-flex wp-container-core-buttons-is-layout-16018d1d wp-block-buttons-is-layout-flex\">\n<div class=\"wp-block-button is-style-outline is-style-outline--1\"><a class=\"wp-block-button__link\" href=\"http:\/\/dogteacher.fr\/?page_id=2027\"><strong>Longes<\/strong><\/a><\/div>\n\n\n\n<div class=\"wp-block-button is-style-outline is-style-outline--2\"><a class=\"wp-block-button__link\" href=\"http:\/\/dogteacher.fr\/index.php\/harnais\/\"><strong>Harnais<\/strong><\/a><\/div>\n\n\n\n<div class=\"wp-block-button is-style-outline is-style-outline--3\"><a class=\"wp-block-button__link\" href=\"http:\/\/dogteacher.fr\/index.php\/colliers\/\"><strong>Colliers<\/strong><\/a><\/div>\n<\/div>\n<\/div><\/div>\n<\/div>\n<\/div>\n\n\n\n<div style=\"height:100px\" aria-hidden=\"true\" class=\"wp-block-spacer\"><\/div>\n\n\n\n<p><\/p>\n\n\n\n<p><\/p>\n\n\n\n<p><\/p>\n\n\n\n<p><\/p>\n\n\n\n<p><\/p>\n\n\n\n<p><\/p>\n\n\n\n<p><\/p>\n","protected":false},"excerpt":{"rendered":"<p>Avec une multitude de produits pr\u00e9sents sur le march\u00e9 plus ou moins chers ou encore de bonne ou de mauvaise qualit\u00e9, il est parfois difficile de s&rsquo;y retrouver et de &#8230;<\/p>\n","protected":false},"author":1,"featured_media":0,"parent":0,"menu_order":0,"comment_status":"closed","ping_status":"closed","template":"template-fullwidth.php","meta":{"footnotes":""},"class_list":["post-1999","page","type-page","status-publish","hentry"],"_links":{"self":[{"href":"https:\/\/dogteacher.fr\/index.php\/wp-json\/wp\/v2\/pages\/1999","targetHints":{"allow":["GET"]}}],"collection":[{"href":"https:\/\/dogteacher.fr\/index.php\/wp-json\/wp\/v2\/pages"}],"about":[{"href":"https:\/\/dogteacher.fr\/index.php\/wp-json\/wp\/v2\/types\/page"}],"author":[{"embeddable":true,"href":"https:\/\/dogteacher.fr\/index.php\/wp-json\/wp\/v2\/users\/1"}],"replies":[{"embeddable":true,"href":"https:\/\/dogteacher.fr\/index.php\/wp-json\/wp\/v2\/comments?post=1999"}],"version-history":[{"count":50,"href":"https:\/\/dogteacher.fr\/index.php\/wp-json\/wp\/v2\/pages\/1999\/revisions"}],"predecessor-version":[{"id":2360,"href":"https:\/\/dogteacher.fr\/index.php\/wp-json\/wp\/v2\/pages\/1999\/revisions\/2360"}],"wp:attachment":[{"href":"https:\/\/dogteacher.fr\/index.php\/wp-json\/wp\/v2\/media?parent=1999"}],"curies":[{"name":"wp","href":"https:\/\/api.w.org\/{rel}","templated":true}]}}