{"id":2027,"date":"2022-07-28T00:52:38","date_gmt":"2022-07-27T22:52:38","guid":{"rendered":"http:\/\/dogteacher.fr\/?page_id=2027"},"modified":"2022-09-26T16:13:28","modified_gmt":"2022-09-26T14:13:28","slug":"longes-harnais-et-collier","status":"publish","type":"page","link":"https:\/\/dogteacher.fr\/index.php\/longes-harnais-et-collier\/","title":{"rendered":"Longes"},"content":{"rendered":"\n<p><\/p>\n\n\n\n<p>Les longes sont l&rsquo;outils indispensable pour travailler le rappel de votre chien et lui permettent d&rsquo;\u00eatre promen\u00e9 en securit\u00e9 tout en ayant plus de libert\u00e9. Evitez les laisses \u00e0 enrouleurs qui gardent une tension constante sur votre chien et qui sont d\u00e9sagr\u00e9ables \u00e0 utiliser lors d&rsquo;une marche au pied, en raison du jeu cr\u00e9\u00e9 par le m\u00e9canisme \u00e0 l&rsquo;interieur de la laisse en position bloqu\u00e9e.<\/p>\n\n\n\n<p>A proscrire \u00e9galement les longes de type bandes plates qui se d\u00e9chirent tr\u00e8s facilement au moindre acrro, mais surtout dangereuses car il existe un risque important de coupures des mains \u00e0 cause des bords fins. <\/p>\n\n\n\n<figure class=\"wp-block-image size-full is-style-rounded\"><img loading=\"lazy\" decoding=\"async\" width=\"1024\" height=\"278\" src=\"http:\/\/dogteacher.fr\/wp-content\/uploads\/2022\/09\/banniere-chien-1.jpg\" alt=\"\" class=\"wp-image-2110\" srcset=\"https:\/\/dogteacher.fr\/wp-content\/uploads\/2022\/09\/banniere-chien-1.jpg 1024w, https:\/\/dogteacher.fr\/wp-content\/uploads\/2022\/09\/banniere-chien-1-300x81.jpg 300w, https:\/\/dogteacher.fr\/wp-content\/uploads\/2022\/09\/banniere-chien-1-768x209.jpg 768w\" sizes=\"auto, (max-width: 1024px) 100vw, 1024px\" \/><\/figure>\n\n\n\n<p><\/p>\n\n\n\n<p><\/p>\n\n\n\n<p><\/p>\n\n\n\n<h6 class=\"alignwide wp-block-heading\">          longe avec mousqueton d&rsquo;ancrage                                           <\/h6>\n\n\n\n<div class=\"wp-block-image is-style-default\"><figure class=\"aligncenter size-full is-resized\"><a href=\"https:\/\/amzn.to\/3cOGrtK\" target=\"_blank\" rel=\"noopener\"><img loading=\"lazy\" decoding=\"async\" src=\"http:\/\/dogteacher.fr\/wp-content\/uploads\/2022\/07\/longe-pettom.jpg\" alt=\"\" class=\"wp-image-2069\" width=\"224\" height=\"225\" srcset=\"https:\/\/dogteacher.fr\/wp-content\/uploads\/2022\/07\/longe-pettom.jpg 784w, https:\/\/dogteacher.fr\/wp-content\/uploads\/2022\/07\/longe-pettom-298x300.jpg 298w, https:\/\/dogteacher.fr\/wp-content\/uploads\/2022\/07\/longe-pettom-150x150.jpg 150w, https:\/\/dogteacher.fr\/wp-content\/uploads\/2022\/07\/longe-pettom-768x773.jpg 768w\" sizes=\"auto, (max-width: 224px) 100vw, 224px\" \/><\/a><figcaption><a href=\"https:\/\/amzn.to\/3cOGrtK\"><strong><em>Longe Pettom 8mm<\/em><\/strong> <\/a><br><a href=\"https:\/\/amzn.to\/3cOGrtK\"> 5 &#8211; 10 ou 15 m\u00e8tres<\/a> <br>18.99\u20ac &lt; 24.99\u20ac<\/figcaption><\/figure><\/div>\n\n\n\n<h6 class=\"has-text-align-center wp-block-heading\"><strong>LONGE SIMPLE<\/strong><\/h6>\n\n\n\n<div class=\"wp-block-image is-style-default\"><figure class=\"aligncenter size-full is-resized\"><a href=\"https:\/\/amzn.to\/3KFFBw3\" target=\"_blank\" rel=\"noopener\"><img loading=\"lazy\" decoding=\"async\" src=\"http:\/\/dogteacher.fr\/wp-content\/uploads\/2022\/09\/longe-taglory.jpg\" alt=\"\" class=\"wp-image-2080\" width=\"221\" height=\"215\" srcset=\"https:\/\/dogteacher.fr\/wp-content\/uploads\/2022\/09\/longe-taglory.jpg 828w, https:\/\/dogteacher.fr\/wp-content\/uploads\/2022\/09\/longe-taglory-300x292.jpg 300w, https:\/\/dogteacher.fr\/wp-content\/uploads\/2022\/09\/longe-taglory-768x749.jpg 768w\" sizes=\"auto, (max-width: 221px) 100vw, 221px\" \/><\/a><figcaption><a rel=\"noreferrer noopener\" href=\"https:\/\/amzn.to\/3KFFBw3\" target=\"_blank\"><strong><em>Longe Taglory<\/em><\/strong><\/a> <a href=\"https:\/\/amzn.to\/3KFFBw3\"><strong><em>8mm<\/em><\/strong><\/a><br><a rel=\"noreferrer noopener\" href=\"https:\/\/amzn.to\/3KFFBw3\" target=\"_blank\"> 5 &#8211; 10 &#8211; 15 ou 20 m\u00e8tres<\/a> <br>18.29\u20ac &lt; 25.99\u20ac<\/figcaption><\/figure><\/div>\n\n\n\n<div class=\"wp-block-image is-style-default\"><figure class=\"aligncenter size-full is-resized\"><img loading=\"lazy\" decoding=\"async\" src=\"http:\/\/dogteacher.fr\/wp-content\/uploads\/2022\/09\/istockphoto-1236920724-612x612-1.jpg\" alt=\"\" class=\"wp-image-2120\" width=\"372\" height=\"217\" srcset=\"https:\/\/dogteacher.fr\/wp-content\/uploads\/2022\/09\/istockphoto-1236920724-612x612-1.jpg 612w, https:\/\/dogteacher.fr\/wp-content\/uploads\/2022\/09\/istockphoto-1236920724-612x612-1-300x175.jpg 300w\" sizes=\"auto, (max-width: 372px) 100vw, 372px\" \/><\/figure><\/div>\n\n\n\n<p class=\"has-text-align-center\">Pour les bricoleurs, il est bien plus avantageux en terme de solidit\u00e9 et resistance de construire une longe sois meme avec une corde d&rsquo;escalade et un mousqueton \u00e0 nouer afin d&rsquo;adapter le diametre de la longe suivant poids de votre compagnon \u00e0 quatres pattes.<\/p>\n\n\n\n<p>Diam\u00e8tre \/ poids du chien :<\/p>\n\n\n\n<ul class=\"wp-block-list\"><li>6mm : de 1 a 7kg<\/li><\/ul>\n\n\n\n<ul class=\"wp-block-list\"><li>8mm : de 7 \u00e0 20kg<\/li><\/ul>\n\n\n\n<ul class=\"wp-block-list\"><li>10mm : au-del\u00e0 de 20kg<\/li><\/ul>\n\n\n\n<p><\/p>\n\n\n\n<div class=\"wp-block-image is-style-default\"><figure class=\"aligncenter size-large is-resized\"><a href=\"https:\/\/amzn.to\/3Ryhgul\"><img loading=\"lazy\" decoding=\"async\" src=\"http:\/\/dogteacher.fr\/wp-content\/uploads\/2022\/09\/corde-chapuis-6mm-1024x380.jpg\" alt=\"\" class=\"wp-image-2131\" width=\"350\" height=\"129\" srcset=\"https:\/\/dogteacher.fr\/wp-content\/uploads\/2022\/09\/corde-chapuis-6mm-1024x380.jpg 1024w, https:\/\/dogteacher.fr\/wp-content\/uploads\/2022\/09\/corde-chapuis-6mm-300x111.jpg 300w, https:\/\/dogteacher.fr\/wp-content\/uploads\/2022\/09\/corde-chapuis-6mm-768x285.jpg 768w, https:\/\/dogteacher.fr\/wp-content\/uploads\/2022\/09\/corde-chapuis-6mm.jpg 1500w\" sizes=\"auto, (max-width: 350px) 100vw, 350px\" \/><\/a><figcaption><a rel=\"noreferrer noopener\" href=\"https:\/\/amzn.to\/3Ryhgul\" target=\"_blank\"><strong><em>Corde polypropyl\u00e8ne tress\u00e9e Chapuis 6mm <\/em><\/strong><\/a><br><a href=\"https:\/\/amzn.to\/3Ryhgul\">15 m\u00e8tres<\/a> <br>14.77\u20ac<\/figcaption><\/figure><\/div>\n\n\n\n<p> <\/p>\n\n\n\n<p>Petit conseil d&rsquo;utilisation : Pour \u00e9viter le moindre risque de br\u00fblure, faite un noeud tous les m\u00e8tres sur la longe, ce qui vous permettra une meilleure prise en main de la longe en cas de besoin. <\/p>\n\n\n\n<p><\/p>\n","protected":false},"excerpt":{"rendered":"<p>Les longes sont l&rsquo;outils indispensable pour travailler le rappel de votre chien et lui permettent d&rsquo;\u00eatre promen\u00e9 en securit\u00e9 tout en ayant plus de libert\u00e9. Evitez les laisses \u00e0 enrouleurs &#8230;<\/p>\n","protected":false},"author":1,"featured_media":0,"parent":0,"menu_order":0,"comment_status":"closed","ping_status":"closed","template":"","meta":{"footnotes":""},"class_list":["post-2027","page","type-page","status-publish","hentry"],"_links":{"self":[{"href":"https:\/\/dogteacher.fr\/index.php\/wp-json\/wp\/v2\/pages\/2027","targetHints":{"allow":["GET"]}}],"collection":[{"href":"https:\/\/dogteacher.fr\/index.php\/wp-json\/wp\/v2\/pages"}],"about":[{"href":"https:\/\/dogteacher.fr\/index.php\/wp-json\/wp\/v2\/types\/page"}],"author":[{"embeddable":true,"href":"https:\/\/dogteacher.fr\/index.php\/wp-json\/wp\/v2\/users\/1"}],"replies":[{"embeddable":true,"href":"https:\/\/dogteacher.fr\/index.php\/wp-json\/wp\/v2\/comments?post=2027"}],"version-history":[{"count":41,"href":"https:\/\/dogteacher.fr\/index.php\/wp-json\/wp\/v2\/pages\/2027\/revisions"}],"predecessor-version":[{"id":2204,"href":"https:\/\/dogteacher.fr\/index.php\/wp-json\/wp\/v2\/pages\/2027\/revisions\/2204"}],"wp:attachment":[{"href":"https:\/\/dogteacher.fr\/index.php\/wp-json\/wp\/v2\/media?parent=2027"}],"curies":[{"name":"wp","href":"https:\/\/api.w.org\/{rel}","templated":true}]}}