{"id":2244,"date":"2022-10-03T13:13:22","date_gmt":"2022-10-03T11:13:22","guid":{"rendered":"http:\/\/dogteacher.fr\/?page_id=2244"},"modified":"2022-11-16T16:41:26","modified_gmt":"2022-11-16T15:41:26","slug":"colliers","status":"publish","type":"page","link":"https:\/\/dogteacher.fr\/index.php\/colliers\/","title":{"rendered":"Colliers"},"content":{"rendered":"\n<p class=\"has-text-align-center\">Concernant les colliers, deux choix se pr\u00e9sentent \u00e0 vous, \u00eates vous plut\u00f4t Tissus ou Cuir ? <\/p>\n\n\n\n<p class=\"has-text-align-center\">Dans les deux cas, je vous conseille des colliers assez large pour limiter l&rsquo;\u00e9tranglement du chien lors d&rsquo;une traction.<\/p>\n\n\n\n<p class=\"has-text-align-center\">Voici deux types de collier robustes ayant un bon rapport qualit\u00e9\/Prix suivant vos pr\u00e9f\u00e9rences de textures.<\/p>\n\n\n\n<p><\/p>\n\n\n\n<div style=\"height:69px\" aria-hidden=\"true\" class=\"wp-block-spacer\"><\/div>\n\n\n\n<h3 class=\"wp-block-heading\">Collier Tissus:<\/h3>\n\n\n\n<div class=\"wp-block-image is-style-default\"><figure class=\"aligncenter size-full is-resized\"><a href=\"https:\/\/amzn.to\/3fzOpbq\" target=\"_blank\" rel=\"noopener\"><img loading=\"lazy\" decoding=\"async\" src=\"http:\/\/dogteacher.fr\/wp-content\/uploads\/2022\/10\/collier-true-love.jpg\" alt=\"\" class=\"wp-image-2245\" width=\"225\" height=\"291\" srcset=\"https:\/\/dogteacher.fr\/wp-content\/uploads\/2022\/10\/collier-true-love.jpg 643w, https:\/\/dogteacher.fr\/wp-content\/uploads\/2022\/10\/collier-true-love-231x300.jpg 231w\" sizes=\"auto, (max-width: 225px) 100vw, 225px\" \/><\/a><figcaption><a href=\"https:\/\/amzn.to\/3fzOpbq\">Collier TRUELOVE R\u00e9glable R\u00e9fl\u00e9chissant <br>8 tailles disponibles \/ 5 couleurs disponibles <\/a><br>12.39\u20ac &lt; 13.99\u20ac<\/figcaption><\/figure><\/div>\n\n\n\n<div style=\"height:100px\" aria-hidden=\"true\" class=\"wp-block-spacer\"><\/div>\n\n\n\n<h3 class=\"wp-block-heading\">Collier Cuir :<\/h3>\n\n\n\n<div class=\"wp-block-image is-style-default\"><figure class=\"aligncenter size-full is-resized\"><a href=\"https:\/\/amzn.to\/3Sz2g08\" target=\"_blank\" rel=\"noopener\"><img loading=\"lazy\" decoding=\"async\" src=\"http:\/\/dogteacher.fr\/wp-content\/uploads\/2022\/10\/Collier-cuir-Riparo.jpg\" alt=\"\" class=\"wp-image-2246\" width=\"307\" height=\"234\" srcset=\"https:\/\/dogteacher.fr\/wp-content\/uploads\/2022\/10\/Collier-cuir-Riparo.jpg 863w, https:\/\/dogteacher.fr\/wp-content\/uploads\/2022\/10\/Collier-cuir-Riparo-300x229.jpg 300w, https:\/\/dogteacher.fr\/wp-content\/uploads\/2022\/10\/Collier-cuir-Riparo-768x586.jpg 768w\" sizes=\"auto, (max-width: 307px) 100vw, 307px\" \/><\/a><figcaption><a rel=\"noreferrer noopener\" href=\"https:\/\/amzn.to\/3Sz2g08\" target=\"_blank\">Collier Riparo K-9 r\u00e9glable en Cuir v\u00e9ritable<\/a><br><a rel=\"noreferrer noopener\" href=\"https:\/\/amzn.to\/3Sz2g08\" target=\"_blank\">5 tailles disponibles \/ 9 couleurs dispo<\/a><a href=\"https:\/\/amzn.to\/3Sz2g08\">nibles<\/a><br>26.97\u20ac &lt; 34.97\u20ac <\/figcaption><\/figure><\/div>\n","protected":false},"excerpt":{"rendered":"<p>Concernant les colliers, deux choix se pr\u00e9sentent \u00e0 vous, \u00eates vous plut\u00f4t Tissus ou Cuir ? Dans les deux cas, je vous conseille des colliers assez large pour limiter l&rsquo;\u00e9tranglement &#8230;<\/p>\n","protected":false},"author":1,"featured_media":0,"parent":0,"menu_order":0,"comment_status":"closed","ping_status":"closed","template":"","meta":{"footnotes":""},"class_list":["post-2244","page","type-page","status-publish","hentry"],"_links":{"self":[{"href":"https:\/\/dogteacher.fr\/index.php\/wp-json\/wp\/v2\/pages\/2244","targetHints":{"allow":["GET"]}}],"collection":[{"href":"https:\/\/dogteacher.fr\/index.php\/wp-json\/wp\/v2\/pages"}],"about":[{"href":"https:\/\/dogteacher.fr\/index.php\/wp-json\/wp\/v2\/types\/page"}],"author":[{"embeddable":true,"href":"https:\/\/dogteacher.fr\/index.php\/wp-json\/wp\/v2\/users\/1"}],"replies":[{"embeddable":true,"href":"https:\/\/dogteacher.fr\/index.php\/wp-json\/wp\/v2\/comments?post=2244"}],"version-history":[{"count":5,"href":"https:\/\/dogteacher.fr\/index.php\/wp-json\/wp\/v2\/pages\/2244\/revisions"}],"predecessor-version":[{"id":2310,"href":"https:\/\/dogteacher.fr\/index.php\/wp-json\/wp\/v2\/pages\/2244\/revisions\/2310"}],"wp:attachment":[{"href":"https:\/\/dogteacher.fr\/index.php\/wp-json\/wp\/v2\/media?parent=2244"}],"curies":[{"name":"wp","href":"https:\/\/api.w.org\/{rel}","templated":true}]}}