{"id":2378,"date":"2024-09-27T12:46:50","date_gmt":"2024-09-27T10:46:50","guid":{"rendered":"https:\/\/dogteacher.fr\/?page_id=2378"},"modified":"2026-01-08T12:12:56","modified_gmt":"2026-01-08T11:12:56","slug":"2378-2","status":"publish","type":"page","link":"https:\/\/dogteacher.fr\/index.php\/2378-2\/","title":{"rendered":""},"content":{"rendered":"<div class=\"wp-block-image\">\n<figure class=\"aligncenter size-large is-resized\"><img loading=\"lazy\" decoding=\"async\" width=\"1024\" height=\"1024\" src=\"https:\/\/dogteacher.fr\/wp-content\/uploads\/2024\/09\/Help-my-Dog-1024x1024.png\" alt=\"\" class=\"wp-image-2380\" style=\"width:583px;height:583px\" srcset=\"https:\/\/dogteacher.fr\/wp-content\/uploads\/2024\/09\/Help-my-Dog-1024x1024.png 1024w, https:\/\/dogteacher.fr\/wp-content\/uploads\/2024\/09\/Help-my-Dog-300x300.png 300w, https:\/\/dogteacher.fr\/wp-content\/uploads\/2024\/09\/Help-my-Dog-150x150.png 150w, https:\/\/dogteacher.fr\/wp-content\/uploads\/2024\/09\/Help-my-Dog-768x768.png 768w, https:\/\/dogteacher.fr\/wp-content\/uploads\/2024\/09\/Help-my-Dog.png 1080w\" sizes=\"auto, (max-width: 1024px) 100vw, 1024px\" \/><\/figure><\/div>\n\n\n<p class=\"has-text-align-center\"><strong>\u00ab\u00a0Help My Dog\u00a0\u00bb \u2013 Un accompagnement personnalis\u00e9 pour d\u00e9conditionner l&rsquo;agressivit\u00e9 canine<\/strong><\/p>\n\n\n\n<p class=\"has-text-align-center\">Savoir g\u00e9rer l&rsquo;agressivit\u00e9 d&rsquo;un chien est un v\u00e9ritable savoir-faire. Beaucoup d&rsquo;\u00e9ducateur canin se pr\u00e9tendent comp\u00e9tents, mais rares sont ceux qui obtiennent de r\u00e9els r\u00e9sultats. \u00c0 savoir un chien qui ne fait plus preuve d&rsquo;agressivit\u00e9. Bon nombre de mes clients rencontrant ses probl\u00e9matiques ont d\u00e9j\u00e0 consult\u00e9 un grand nombre d&rsquo;\u00e9ducateurs canins sans succ\u00e8s avant d&rsquo;avoir \u00e9t\u00e9 recommand\u00e9. <\/p>\n\n\n\n<p class=\"has-text-align-center\">Malheureusement, de mauvaises pratiques perdurent chez certains d&rsquo;\u00e9ducateurs canin incomp\u00e9tent, allant de la simple ignorance des besoins du chien \u00e0 des m\u00e9thodes carr\u00e9ment nuisibles. Parmi ces pratiques, on retrouve souvent le conseil d&rsquo;\u00e9viter les situations qui d\u00e9clenchent le chien, ou de d\u00e9tourner exclusivement son attention sans jamais s&rsquo;attaquer \u00e0 la cause r\u00e9elle du comportement. L&rsquo;isolement est aussi une recommandation courante, sous pr\u00e9texte de \u00ab\u00a0prot\u00e9ger\u00a0\u00bb le chien, alors qu&rsquo;il ne fait que renforcer l&rsquo;anxi\u00e9t\u00e9 et aggraver les r\u00e9actions agressives \u00e0 long terme.<\/p>\n\n\n\n<p class=\"has-text-align-center\">\u00c0 l&rsquo;oppos\u00e9, certains \u00e9ducateurs adoptent des m\u00e9thodes coercitives, allant jusqu&rsquo;\u00e0 sur-sanctionner le chien pour le \u00ab\u00a0calmer\u00a0\u00bb. Cela peut inclure l&rsquo;utilisation d&rsquo;outils inappropri\u00e9s et douloureux tels que les colliers \u00e9trangleurs, les colliers \u00e0 pointes (collier thorcatus) ou encore les colliers \u00e9lectriques, allant m\u00eame jusqu&rsquo;\u00e0 porter des coups sur les chiens. Ces m\u00e9thodes ne font qu&rsquo;ajouter du stress, de la peur, et renforcent l&rsquo;agressivit\u00e9 plut\u00f4t que de la r\u00e9soudre. C&rsquo;est une aberration qui, loin d&rsquo;apporter une solution durable, ne fait qu&rsquo;amplifier le probl\u00e8me et causer plus de souffrance chez l&rsquo;animal.<\/p>\n\n\n\n<p class=\"has-text-align-center\">De plus, il est d\u00e9solant de constater que certains \u00e9ducateurs ou m\u00eames v\u00e9t\u00e9rinaires pr\u00e9conisent l&rsquo;abandon voir m\u00eame l&rsquo;euthanasie comme solution face \u00e0 des chiens agressifs. Leur incapacit\u00e9 \u00e0 g\u00e9rer ces situations ne doit pas mener \u00e0 des d\u00e9cisions aussi radicales. Chaque chien m\u00e9rite une chance d&rsquo;\u00eatre aid\u00e9, et des m\u00e9thodes adapt\u00e9es existantes pour r\u00e9habiliter ces comportements sans avoir recours \u00e0 des solutions d\u00e9finies.<\/p>\n\n\n\n<p class=\"has-text-align-center\"> Pour toutes ces raisons en 2022, j&rsquo;ai d\u00e9cid\u00e9 de me sp\u00e9cialiser dans le d\u00e9conditionnement d&rsquo;agressivit\u00e9 humain et cong\u00e9n\u00e8res en cr\u00e9ant le programme \u00ab\u00a0Help my Dog\u00a0\u00bb afin de limiter \u00e0 mon \u00e9chelle le maximum d&rsquo;abandon et d&rsquo;euthanasie.<\/p>\n\n\n\n<p><\/p>\n\n\n\n<p class=\"has-text-align-center\"><strong>Help My Dog : une approche \u00e9quilibr\u00e9e et respectueuse<\/strong><\/p>\n\n\n\n<p class=\"has-text-align-center\">Avec huit ann\u00e9es d&rsquo;exp\u00e9rience dans le domaine, et gr\u00e2ce \u00e0 mon bagage de formations, j&rsquo;ai acquis les outils n\u00e9cessaires et la clart\u00e9 d&rsquo;esprit pour accompagner efficacement les chiens agressifs.<\/p>\n\n\n\n<p class=\"has-text-align-center\">Avec \u00ab\u00a0Help My Dog\u00a0\u00bb, je vous propose un programme intensif sur une semaine, bas\u00e9 sur une m\u00e9thode \u00e9quilibr\u00e9e entre bienveillance et fermet\u00e9. Je m&rsquo;\u00e9loigne des extr\u00eames : ni totalement positif, ni adepte des m\u00e9thodes coercitives violentes. Mon approche est d&rsquo;amener le chien \u00e0 r\u00e9fl\u00e9chir \u00e0 ses comportements, gr\u00e2ce \u00e0 une combinaison de techniques positives et, lorsque n\u00e9cessaire, des sanctions douces, \u00e9quilibr\u00e9es avec soin.<\/p>\n\n\n\n<p class=\"has-text-align-center\">Mon objectif est de comprendre les causes profondes de l&rsquo;agressivit\u00e9 et de travailler de mani\u00e8re cibl\u00e9e pour aider le chien \u00e0 d\u00e9conditionner ses r\u00e9actions. Nous ne cherchons pas \u00e0 \u00e9viter le probl\u00e8me ni \u00e0 sur-corriger, mais \u00e0 guider le chien \u00e0 travers des choix qui lui permettent d&rsquo;apprendre et de s&rsquo;adapter par la suite.<\/p>\n\n\n\n<p class=\"has-text-align-center\"><\/p>\n\n\n\n<p class=\"has-text-align-center\">Voici quelques aspects sur lesquels nous allons travailler ensemble :<\/p>\n\n\n\n<blockquote class=\"wp-block-quote has-text-align-center is-layout-flow wp-block-quote-is-layout-flow\">\n<p>La compr\u00e9hension des d\u00e9clencheurs et des signaux de stress du chien.<\/p>\n\n\n\n<p>Des techniques pour aider le chien \u00e0 g\u00e9rer ses \u00e9motions.<\/p>\n\n\n\n<p> D\u00e9velopper la relation ma\u00eetre-chien, en cr\u00e9ant un cadre structur\u00e9 et rassurant.<\/p>\n\n\n\n<p>Et surtout, <strong>La mise en pratique en situation r\u00e9elle<\/strong>.<\/p>\n<\/blockquote>\n\n\n\n<p class=\"has-text-align-center\"> Si vous \u00eates propri\u00e9taire d&rsquo;un chien agressif, quelque soit son \u00e2ge et sa race, n&rsquo;h\u00e9sitez pas \u00e0 me contacter par t\u00e9l\u00e9phone.<\/p>\n\n\n\n<div style=\"height:100px\" aria-hidden=\"true\" class=\"wp-block-spacer\"><\/div>\n\n\n\n<h4 class=\"wp-block-heading alignwide has-text-align-center\">AVIS STAGIAIRE HELP MY DOG :<\/h4>\n\n\n<div class=\"wp-block-image\">\n<figure class=\"aligncenter size-large\"><img loading=\"lazy\" decoding=\"async\" width=\"1024\" height=\"576\" src=\"https:\/\/dogteacher.fr\/wp-content\/uploads\/2026\/01\/avis-hmd2-1024x576.jpg\" alt=\"\" class=\"wp-image-2438\" srcset=\"https:\/\/dogteacher.fr\/wp-content\/uploads\/2026\/01\/avis-hmd2-1024x576.jpg 1024w, https:\/\/dogteacher.fr\/wp-content\/uploads\/2026\/01\/avis-hmd2-300x169.jpg 300w, https:\/\/dogteacher.fr\/wp-content\/uploads\/2026\/01\/avis-hmd2-768x432.jpg 768w, https:\/\/dogteacher.fr\/wp-content\/uploads\/2026\/01\/avis-hmd2-1536x864.jpg 1536w, https:\/\/dogteacher.fr\/wp-content\/uploads\/2026\/01\/avis-hmd2.jpg 1920w\" sizes=\"auto, (max-width: 1024px) 100vw, 1024px\" \/><\/figure><\/div>\n\n\n<div class=\"wp-block-group\"><div class=\"wp-block-group__inner-container is-layout-flow wp-block-group-is-layout-flow\"><div class=\"wp-block-image\">\n<figure class=\"aligncenter size-large\"><img loading=\"lazy\" decoding=\"async\" width=\"1024\" height=\"576\" src=\"https:\/\/dogteacher.fr\/wp-content\/uploads\/2024\/12\/Presentation-professionnel-marketing-sobre-e\u0301le\u0301gant-minimaliste-blanc-noir-1024x576.jpg\" alt=\"\" class=\"wp-image-2404\" srcset=\"https:\/\/dogteacher.fr\/wp-content\/uploads\/2024\/12\/Presentation-professionnel-marketing-sobre-e\u0301le\u0301gant-minimaliste-blanc-noir-1024x576.jpg 1024w, https:\/\/dogteacher.fr\/wp-content\/uploads\/2024\/12\/Presentation-professionnel-marketing-sobre-e\u0301le\u0301gant-minimaliste-blanc-noir-300x169.jpg 300w, https:\/\/dogteacher.fr\/wp-content\/uploads\/2024\/12\/Presentation-professionnel-marketing-sobre-e\u0301le\u0301gant-minimaliste-blanc-noir-768x432.jpg 768w, https:\/\/dogteacher.fr\/wp-content\/uploads\/2024\/12\/Presentation-professionnel-marketing-sobre-e\u0301le\u0301gant-minimaliste-blanc-noir-1536x864.jpg 1536w, https:\/\/dogteacher.fr\/wp-content\/uploads\/2024\/12\/Presentation-professionnel-marketing-sobre-e\u0301le\u0301gant-minimaliste-blanc-noir.jpg 1920w\" sizes=\"auto, (max-width: 1024px) 100vw, 1024px\" \/><\/figure><\/div><\/div><\/div>\n","protected":false},"excerpt":{"rendered":"<p>\u00ab\u00a0Help My Dog\u00a0\u00bb \u2013 Un accompagnement personnalis\u00e9 pour d\u00e9conditionner l&rsquo;agressivit\u00e9 canine Savoir g\u00e9rer l&rsquo;agressivit\u00e9 d&rsquo;un chien est un v\u00e9ritable savoir-faire. Beaucoup d&rsquo;\u00e9ducateur canin se pr\u00e9tendent comp\u00e9tents, mais rares sont ceux &#8230;<\/p>\n","protected":false},"author":1,"featured_media":2380,"parent":0,"menu_order":0,"comment_status":"closed","ping_status":"closed","template":"template-fullwidth-stretched.php","meta":{"footnotes":""},"class_list":["post-2378","page","type-page","status-publish","has-post-thumbnail","hentry"],"_links":{"self":[{"href":"https:\/\/dogteacher.fr\/index.php\/wp-json\/wp\/v2\/pages\/2378","targetHints":{"allow":["GET"]}}],"collection":[{"href":"https:\/\/dogteacher.fr\/index.php\/wp-json\/wp\/v2\/pages"}],"about":[{"href":"https:\/\/dogteacher.fr\/index.php\/wp-json\/wp\/v2\/types\/page"}],"author":[{"embeddable":true,"href":"https:\/\/dogteacher.fr\/index.php\/wp-json\/wp\/v2\/users\/1"}],"replies":[{"embeddable":true,"href":"https:\/\/dogteacher.fr\/index.php\/wp-json\/wp\/v2\/comments?post=2378"}],"version-history":[{"count":13,"href":"https:\/\/dogteacher.fr\/index.php\/wp-json\/wp\/v2\/pages\/2378\/revisions"}],"predecessor-version":[{"id":2442,"href":"https:\/\/dogteacher.fr\/index.php\/wp-json\/wp\/v2\/pages\/2378\/revisions\/2442"}],"wp:featuredmedia":[{"embeddable":true,"href":"https:\/\/dogteacher.fr\/index.php\/wp-json\/wp\/v2\/media\/2380"}],"wp:attachment":[{"href":"https:\/\/dogteacher.fr\/index.php\/wp-json\/wp\/v2\/media?parent=2378"}],"curies":[{"name":"wp","href":"https:\/\/api.w.org\/{rel}","templated":true}]}}